{"id":170,"date":"2025-11-10T15:27:52","date_gmt":"2025-11-10T15:27:52","guid":{"rendered":"http:\/\/pdf4de.com\/?page_id=170"},"modified":"2025-11-10T15:54:35","modified_gmt":"2025-11-10T15:54:35","slug":"terms-of-service","status":"publish","type":"page","link":"https:\/\/pdf4de.com\/fr\/terms-of-service\/","title":{"rendered":"Conditions d'utilisation"},"content":{"rendered":"<!DOCTYPE html>\n<html lang=\"en\">\n<head>\n  <meta charset=\"UTF-8\">\n  <meta name=\"viewport\" content=\"width=device-width, initial-scale=1.0\">\n  <title>Terms of Service &#8211; Online Tool<\/title>\n  <style>\n    body {\n      font-family: \"Segoe UI\", Roboto, Arial, sans-serif;\n      background-color: #f9fafb;\n      color: #333;\n      line-height: 1.7;\n      margin: 0;\n      padding: 0;\n    }\n\n    header {\n  text-align: center;\n  padding: 25px 20px;\n  background: #ffffff; \n  color: #1e293b; \n  box-shadow: 0 2px 8px rgba(0,0,0,0.05); \n}\n\n    header {\n  text-align: center;\n  padding: 25px 20px;\n  background: #ffffff; \/* \u0623\u0628\u064a\u0636 *\/\n  color: #1e293b; \/* \u0627\u0644\u0646\u0635 \u062f\u0627\u0643 \u0631\u0645\u0627\u062f\u064a \u063a\u0627\u0645\u0642 *\/\n  box-shadow: 0 2px 8px rgba(0,0,0,0.05); \/* \u0638\u0644 \u062e\u0641\u064a\u0641 *\/\n}\n\n    main {\n      max-width: 900px;\n      margin: 50px auto;\n      background-color: #fff;\n      padding: 40px;\n      border-radius: 12px;\n      box-shadow: 0 4px 10px rgba(0, 0, 0, 0.08);\n    }\n\n    h2 {\n      color: #0078ff;\n      margin-top: 40px;\n      font-size: 22px;\n    }\n\n    p {\n      margin-bottom: 15px;\n    }\n\n    ul {\n      margin: 10px 0 20px 20px;\n    }\n\n    footer {\n      text-align: center;\n      padding: 30px;\n      background: #f1f5f9;\n      color: #555;\n      font-size: 14px;\n      margin-top: 60px;\n    }\n\n    a {\n      color: #0078ff;\n      text-decoration: none;\n    }\n\n    a:hover {\n      text-decoration: underline;\n    }\n  <\/style>\n<\/head>\n<body>\n  <header>\n    <h1>Conditions d'utilisation<\/h1>\n    <p>Derni\u00e8re mise \u00e0 jour : 10 novembre 2025<\/p>\n  <\/header>\n\n  <main>\n    <p>Bienvenue \u00e0 <strong>Outil en ligne<\/strong> (\u201cl'entreprise\u201d, \u201cnous\u201d, \u201cnotre\u201d, \u201cnos\u201d). Veuillez lire attentivement les pr\u00e9sentes conditions de service (\u201cconditions\u201d, \u201cconditions de service\u201d) avant d'utiliser notre site web <a href=\"http:\/\/pdf4de.com\/fr\/\">online-tool.xyz<\/a> (le \u201cService\u201d).<\/p>\n\n    <h2>1. Acceptation des conditions<\/h2>\n    <p>En acc\u00e9dant \u00e0 ce site web et en l'utilisant, vous acceptez d'\u00eatre li\u00e9 par les pr\u00e9sentes conditions de service et par notre politique de confidentialit\u00e9. Si vous n'acceptez pas ces conditions, veuillez ne pas utiliser le site web ou l'un de nos outils.<\/p>\n\n    <h2>2. L'\u00e9ligibilit\u00e9<\/h2>\n    <p>Vous devez \u00eatre \u00e2g\u00e9 d'au moins 18 ans pour utiliser notre site web. Si vous avez moins de 18 ans, vous ne pouvez utiliser le site qu'avec le consentement et sous la supervision d'un parent ou d'un tuteur.<\/p>\n\n    <h2>3. Utilisation des services<\/h2>\n    <p>Notre site web fournit divers outils en ligne pour un usage personnel et professionnel. Vous vous engagez \u00e0 n'utiliser nos services qu'\u00e0 des fins l\u00e9gales et \u00e0 ne pas enfreindre les lois et r\u00e8glements applicables.<\/p>\n\n    <h2>4. Comptes<\/h2>\n    <p>Si une fonction de compte est introduite, vous \u00eates responsable du maintien de la confidentialit\u00e9 de vos identifiants de connexion et de toutes les activit\u00e9s qui se d\u00e9roulent sous votre compte.<\/p>\n\n    <h2>5. Propri\u00e9t\u00e9 intellectuelle<\/h2>\n    <p>L'ensemble du contenu, des marques, des graphiques et des codes disponibles sur <a href=\"http:\/\/pdf4de.com\/fr\/\">online-tool.xyz<\/a> sont la propri\u00e9t\u00e9 de Online Tool ou lui sont conc\u00e9d\u00e9es sous licence. Il est interdit de copier, de modifier ou de distribuer tout contenu sans autorisation \u00e9crite pr\u00e9alable.<\/p>\n\n    <h2>6. Limitation de la responsabilit\u00e9<\/h2>\n    <p>Nous ne garantissons pas que nos services seront ininterrompus ou exempts d'erreurs. Online Tool ne peut en aucun cas \u00eatre tenu responsable des dommages r\u00e9sultant de l'utilisation ou de l'impossibilit\u00e9 d'utiliser notre site web.<\/p>\n\n    <h2>7. Modifications<\/h2>\n    <p>Nous nous r\u00e9servons le droit de modifier ou de remplacer les pr\u00e9sentes conditions de service \u00e0 tout moment. Les modifications entreront en vigueur d\u00e8s leur publication sur cette page.<\/p>\n\n    <h2>8. R\u00e9siliation<\/h2>\n    <p>Nous pouvons suspendre ou r\u00e9silier votre acc\u00e8s \u00e0 nos services \u00e0 tout moment, sans pr\u00e9avis, si vous enfreignez les pr\u00e9sentes conditions.<\/p>\n\n    <h2>9. Nous contacter<\/h2>\n    <p>Si vous avez des questions concernant les pr\u00e9sentes conditions d'utilisation, veuillez nous contacter \u00e0 l'adresse suivante :<\/p>\n    <ul>\n      <li><strong>Courriel :<\/strong> <a href=\"mailto:contact@pdf4de.com\">contact@pdf4de.com<\/a><\/li>\n      <li><strong>Site web :<\/strong> <a href=\"http:\/\/pdf4de.com\/fr\/\">online-tool.xyz<\/a><\/li>\n      <li><strong>Entreprise :<\/strong> Outil en ligne<\/li>\n    <\/ul>\n  <\/main>\n\n  <footer>\n    2025 Online Tool. Tous droits r\u00e9serv\u00e9s.\n  <\/footer>\n<\/body>\n<\/html>","protected":false},"excerpt":{"rendered":"<p>Terms of Service &#8211; Online Tool Terms of Service Last updated: November 10, 2025 Welcome to Online Tool (&#8220;Company&#8221;, &#8220;we&#8221;, &#8220;our&#8221;, &#8220;us&#8221;). Please read these Terms of Service (&#8220;Terms&#8221;, &#8220;Terms of Service&#8221;) carefully before using our website online-tool.xyz (the &#8220;Service&#8221;). 1. Acceptance of Terms By accessing and using this website, you accept and agree to [&hellip;]<\/p>\n","protected":false},"author":1,"featured_media":0,"parent":0,"menu_order":0,"comment_status":"closed","ping_status":"closed","template":"","meta":{"_uag_custom_page_level_css":"","site-sidebar-layout":"default","site-content-layout":"","ast-site-content-layout":"default","site-content-style":"default","site-sidebar-style":"default","ast-global-header-display":"","ast-banner-title-visibility":"","ast-main-header-display":"","ast-hfb-above-header-display":"","ast-hfb-below-header-display":"","ast-hfb-mobile-header-display":"","site-post-title":"disabled","ast-breadcrumbs-content":"","ast-featured-img":"","footer-sml-layout":"","ast-disable-related-posts":"","theme-transparent-header-meta":"","adv-header-id-meta":"","stick-header-meta":"","header-above-stick-meta":"","header-main-stick-meta":"","header-below-stick-meta":"","astra-migrate-meta-layouts":"default","ast-page-background-enabled":"default","ast-page-background-meta":{"desktop":{"background-color":"var(--ast-global-color-5)","background-image":"","background-repeat":"repeat","background-position":"center center","background-size":"auto","background-attachment":"scroll","background-type":"","background-media":"","overlay-type":"","overlay-color":"","overlay-opacity":"","overlay-gradient":""},"tablet":{"background-color":"","background-image":"","background-repeat":"repeat","background-position":"center center","background-size":"auto","background-attachment":"scroll","background-type":"","background-media":"","overlay-type":"","overlay-color":"","overlay-opacity":"","overlay-gradient":""},"mobile":{"background-color":"","background-image":"","background-repeat":"repeat","background-position":"center center","background-size":"auto","background-attachment":"scroll","background-type":"","background-media":"","overlay-type":"","overlay-color":"","overlay-opacity":"","overlay-gradient":""}},"ast-content-background-meta":{"desktop":{"background-color":"var(--ast-global-color-4)","background-image":"","background-repeat":"repeat","background-position":"center center","background-size":"auto","background-attachment":"scroll","background-type":"","background-media":"","overlay-type":"","overlay-color":"","overlay-opacity":"","overlay-gradient":""},"tablet":{"background-color":"var(--ast-global-color-4)","background-image":"","background-repeat":"repeat","background-position":"center center","background-size":"auto","background-attachment":"scroll","background-type":"","background-media":"","overlay-type":"","overlay-color":"","overlay-opacity":"","overlay-gradient":""},"mobile":{"background-color":"var(--ast-global-color-4)","background-image":"","background-repeat":"repeat","background-position":"center center","background-size":"auto","background-attachment":"scroll","background-type":"","background-media":"","overlay-type":"","overlay-color":"","overlay-opacity":"","overlay-gradient":""}},"footnotes":""},"class_list":["post-170","page","type-page","status-publish","hentry"],"_hostinger_reach_plugin_has_subscription_block":false,"_hostinger_reach_plugin_is_elementor":false,"uagb_featured_image_src":{"full":false,"thumbnail":false,"medium":false,"medium_large":false,"large":false,"1536x1536":false,"2048x2048":false,"trp-custom-language-flag":false},"uagb_author_info":{"display_name":"kyronellesmere@gmail.com","author_link":"https:\/\/pdf4de.com\/fr\/author\/kyronellesmeregmail-com\/"},"uagb_comment_info":0,"uagb_excerpt":"Terms of Service &#8211; Online Tool Terms of Service Last updated: November 10, 2025 Welcome to Online Tool (&#8220;Company&#8221;, &#8220;we&#8221;, &#8220;our&#8221;, &#8220;us&#8221;). Please read these Terms of Service (&#8220;Terms&#8221;, &#8220;Terms of Service&#8221;) carefully before using our website online-tool.xyz (the &#8220;Service&#8221;). 1. Acceptance of Terms By accessing and using this website, you accept and agree to\u2026","_links":{"self":[{"href":"https:\/\/pdf4de.com\/fr\/wp-json\/wp\/v2\/pages\/170","targetHints":{"allow":["GET"]}}],"collection":[{"href":"https:\/\/pdf4de.com\/fr\/wp-json\/wp\/v2\/pages"}],"about":[{"href":"https:\/\/pdf4de.com\/fr\/wp-json\/wp\/v2\/types\/page"}],"author":[{"embeddable":true,"href":"https:\/\/pdf4de.com\/fr\/wp-json\/wp\/v2\/users\/1"}],"replies":[{"embeddable":true,"href":"https:\/\/pdf4de.com\/fr\/wp-json\/wp\/v2\/comments?post=170"}],"version-history":[{"count":6,"href":"https:\/\/pdf4de.com\/fr\/wp-json\/wp\/v2\/pages\/170\/revisions"}],"predecessor-version":[{"id":183,"href":"https:\/\/pdf4de.com\/fr\/wp-json\/wp\/v2\/pages\/170\/revisions\/183"}],"wp:attachment":[{"href":"https:\/\/pdf4de.com\/fr\/wp-json\/wp\/v2\/media?parent=170"}],"curies":[{"name":"wp","href":"https:\/\/api.w.org\/{rel}","templated":true}]}}