{"id":170,"date":"2025-11-10T15:27:52","date_gmt":"2025-11-10T15:27:52","guid":{"rendered":"http:\/\/pdf4de.com\/?page_id=170"},"modified":"2025-11-10T15:54:35","modified_gmt":"2025-11-10T15:54:35","slug":"terms-of-service","status":"publish","type":"page","link":"https:\/\/pdf4de.com\/pt\/terms-of-service\/","title":{"rendered":"Termos do servi\u00e7o"},"content":{"rendered":"<!DOCTYPE html>\n<html lang=\"en\">\n<head>\n  <meta charset=\"UTF-8\">\n  <meta name=\"viewport\" content=\"width=device-width, initial-scale=1.0\">\n  <title>Terms of Service &#8211; Online Tool<\/title>\n  <style>\n    body {\n      font-family: \"Segoe UI\", Roboto, Arial, sans-serif;\n      background-color: #f9fafb;\n      color: #333;\n      line-height: 1.7;\n      margin: 0;\n      padding: 0;\n    }\n\n    header {\n  text-align: center;\n  padding: 25px 20px;\n  background: #ffffff; \n  color: #1e293b; \n  box-shadow: 0 2px 8px rgba(0,0,0,0.05); \n}\n\n    header {\n  text-align: center;\n  padding: 25px 20px;\n  background: #ffffff; \/* \u0623\u0628\u064a\u0636 *\/\n  color: #1e293b; \/* \u0627\u0644\u0646\u0635 \u062f\u0627\u0643 \u0631\u0645\u0627\u062f\u064a \u063a\u0627\u0645\u0642 *\/\n  box-shadow: 0 2px 8px rgba(0,0,0,0.05); \/* \u0638\u0644 \u062e\u0641\u064a\u0641 *\/\n}\n\n    main {\n      max-width: 900px;\n      margin: 50px auto;\n      background-color: #fff;\n      padding: 40px;\n      border-radius: 12px;\n      box-shadow: 0 4px 10px rgba(0, 0, 0, 0.08);\n    }\n\n    h2 {\n      color: #0078ff;\n      margin-top: 40px;\n      font-size: 22px;\n    }\n\n    p {\n      margin-bottom: 15px;\n    }\n\n    ul {\n      margin: 10px 0 20px 20px;\n    }\n\n    footer {\n      text-align: center;\n      padding: 30px;\n      background: #f1f5f9;\n      color: #555;\n      font-size: 14px;\n      margin-top: 60px;\n    }\n\n    a {\n      color: #0078ff;\n      text-decoration: none;\n    }\n\n    a:hover {\n      text-decoration: underline;\n    }\n  <\/style>\n<\/head>\n<body>\n  <header>\n    <h1>Termos do servi\u00e7o<\/h1>\n    <p>\u00daltima atualiza\u00e7\u00e3o: 10 de novembro de 2025<\/p>\n  <\/header>\n\n  <main>\n    <p>Bem-vindo ao <strong>Ferramenta online<\/strong> (\u201cEmpresa\u201d, \u201cn\u00f3s\u201d, \u201cnosso\u201d, \u201cnos\u201d). Leia atentamente as presentes Condi\u00e7\u00f5es de Servi\u00e7o (\u201cCondi\u00e7\u00f5es\u201d, \u201cCondi\u00e7\u00f5es de Servi\u00e7o\u201d) antes de utilizar o nosso s\u00edtio Web <a href=\"http:\/\/pdf4de.com\/pt\/\">online-tool.xyz<\/a> (o \u201cServi\u00e7o\u201d).<\/p>\n\n    <h2>1. Aceita\u00e7\u00e3o das condi\u00e7\u00f5es<\/h2>\n    <p>Ao aceder e utilizar este s\u00edtio Web, o utilizador aceita e concorda em ficar vinculado \u00e0s presentes Condi\u00e7\u00f5es de Servi\u00e7o e \u00e0 nossa Pol\u00edtica de Privacidade. Se n\u00e3o concordar com estes Termos, n\u00e3o utilize o s\u00edtio Web ou qualquer uma das nossas ferramentas.<\/p>\n\n    <h2>2. Elegibilidade<\/h2>\n    <p>O utilizador deve ter pelo menos 18 anos de idade para utilizar o nosso s\u00edtio Web. Se o utilizador tiver menos de 18 anos, s\u00f3 poder\u00e1 utilizar o s\u00edtio com o consentimento e supervis\u00e3o de um dos pais ou tutor.<\/p>\n\n    <h2>3. Utiliza\u00e7\u00e3o dos servi\u00e7os<\/h2>\n    <p>O nosso s\u00edtio Web fornece v\u00e1rias ferramentas em linha para utiliza\u00e7\u00e3o pessoal e profissional. O utilizador concorda em utilizar os nossos servi\u00e7os apenas para fins legais e em n\u00e3o violar quaisquer leis ou regulamentos aplic\u00e1veis.<\/p>\n\n    <h2>4. Contas<\/h2>\n    <p>Se for introduzida uma funcionalidade de conta, o utilizador \u00e9 respons\u00e1vel por manter a confidencialidade das suas credenciais de in\u00edcio de sess\u00e3o e por todas as actividades que ocorram na sua conta.<\/p>\n\n    <h2>5. Propriedade intelectual<\/h2>\n    <p>Todos os conte\u00fados, marcas registadas, gr\u00e1ficos e c\u00f3digos dispon\u00edveis em <a href=\"http:\/\/pdf4de.com\/pt\/\">online-tool.xyz<\/a> s\u00e3o propriedade ou est\u00e3o licenciados \u00e0 Online Tool. N\u00e3o \u00e9 permitido copiar, modificar ou distribuir qualquer conte\u00fado sem autoriza\u00e7\u00e3o pr\u00e9via por escrito.<\/p>\n\n    <h2>6. Limita\u00e7\u00e3o da responsabilidade<\/h2>\n    <p>N\u00e3o garantimos que os nossos servi\u00e7os sejam ininterruptos ou isentos de erros. Em caso algum a Online Tool ser\u00e1 respons\u00e1vel por quaisquer danos resultantes da utiliza\u00e7\u00e3o ou incapacidade de utiliza\u00e7\u00e3o do nosso s\u00edtio Web.<\/p>\n\n    <h2>7. Modifica\u00e7\u00f5es<\/h2>\n    <p>Reservamo-nos o direito de modificar ou substituir estes Termos de Servi\u00e7o em qualquer altura. As altera\u00e7\u00f5es entrar\u00e3o em vigor imediatamente ap\u00f3s a publica\u00e7\u00e3o nesta p\u00e1gina.<\/p>\n\n    <h2>8. Rescis\u00e3o<\/h2>\n    <p>Podemos suspender ou terminar o acesso do utilizador aos nossos servi\u00e7os em qualquer altura, sem aviso pr\u00e9vio, se o utilizador violar estes Termos.<\/p>\n\n    <h2>9. Contactar-nos<\/h2>\n    <p>Se tiver alguma d\u00favida sobre estes Termos de Servi\u00e7o, contacte-nos atrav\u00e9s do endere\u00e7o<\/p>\n    <ul>\n      <li><strong>Correio eletr\u00f3nico:<\/strong> <a href=\"mailto:contact@pdf4de.com\">contact@pdf4de.com<\/a><\/li>\n      <li><strong>S\u00edtio Web:<\/strong> <a href=\"http:\/\/pdf4de.com\/pt\/\">online-tool.xyz<\/a><\/li>\n      <li><strong>Empresa:<\/strong> Ferramenta online<\/li>\n    <\/ul>\n  <\/main>\n\n  <footer>\n    \u00a9 2025 Online Tool. Todos os direitos reservados.\n  <\/footer>\n<\/body>\n<\/html>","protected":false},"excerpt":{"rendered":"<p>Terms of Service &#8211; Online Tool Terms of Service Last updated: November 10, 2025 Welcome to Online Tool (&#8220;Company&#8221;, &#8220;we&#8221;, &#8220;our&#8221;, &#8220;us&#8221;). Please read these Terms of Service (&#8220;Terms&#8221;, &#8220;Terms of Service&#8221;) carefully before using our website online-tool.xyz (the &#8220;Service&#8221;). 1. Acceptance of Terms By accessing and using this website, you accept and agree to [&hellip;]<\/p>\n","protected":false},"author":1,"featured_media":0,"parent":0,"menu_order":0,"comment_status":"closed","ping_status":"closed","template":"","meta":{"_uag_custom_page_level_css":"","site-sidebar-layout":"default","site-content-layout":"","ast-site-content-layout":"default","site-content-style":"default","site-sidebar-style":"default","ast-global-header-display":"","ast-banner-title-visibility":"","ast-main-header-display":"","ast-hfb-above-header-display":"","ast-hfb-below-header-display":"","ast-hfb-mobile-header-display":"","site-post-title":"disabled","ast-breadcrumbs-content":"","ast-featured-img":"","footer-sml-layout":"","ast-disable-related-posts":"","theme-transparent-header-meta":"","adv-header-id-meta":"","stick-header-meta":"","header-above-stick-meta":"","header-main-stick-meta":"","header-below-stick-meta":"","astra-migrate-meta-layouts":"default","ast-page-background-enabled":"default","ast-page-background-meta":{"desktop":{"background-color":"var(--ast-global-color-5)","background-image":"","background-repeat":"repeat","background-position":"center center","background-size":"auto","background-attachment":"scroll","background-type":"","background-media":"","overlay-type":"","overlay-color":"","overlay-opacity":"","overlay-gradient":""},"tablet":{"background-color":"","background-image":"","background-repeat":"repeat","background-position":"center center","background-size":"auto","background-attachment":"scroll","background-type":"","background-media":"","overlay-type":"","overlay-color":"","overlay-opacity":"","overlay-gradient":""},"mobile":{"background-color":"","background-image":"","background-repeat":"repeat","background-position":"center center","background-size":"auto","background-attachment":"scroll","background-type":"","background-media":"","overlay-type":"","overlay-color":"","overlay-opacity":"","overlay-gradient":""}},"ast-content-background-meta":{"desktop":{"background-color":"var(--ast-global-color-4)","background-image":"","background-repeat":"repeat","background-position":"center center","background-size":"auto","background-attachment":"scroll","background-type":"","background-media":"","overlay-type":"","overlay-color":"","overlay-opacity":"","overlay-gradient":""},"tablet":{"background-color":"var(--ast-global-color-4)","background-image":"","background-repeat":"repeat","background-position":"center center","background-size":"auto","background-attachment":"scroll","background-type":"","background-media":"","overlay-type":"","overlay-color":"","overlay-opacity":"","overlay-gradient":""},"mobile":{"background-color":"var(--ast-global-color-4)","background-image":"","background-repeat":"repeat","background-position":"center center","background-size":"auto","background-attachment":"scroll","background-type":"","background-media":"","overlay-type":"","overlay-color":"","overlay-opacity":"","overlay-gradient":""}},"footnotes":""},"class_list":["post-170","page","type-page","status-publish","hentry"],"_hostinger_reach_plugin_has_subscription_block":false,"_hostinger_reach_plugin_is_elementor":false,"uagb_featured_image_src":{"full":false,"thumbnail":false,"medium":false,"medium_large":false,"large":false,"1536x1536":false,"2048x2048":false,"trp-custom-language-flag":false},"uagb_author_info":{"display_name":"kyronellesmere@gmail.com","author_link":"https:\/\/pdf4de.com\/pt\/author\/kyronellesmeregmail-com\/"},"uagb_comment_info":0,"uagb_excerpt":"Terms of Service &#8211; Online Tool Terms of Service Last updated: November 10, 2025 Welcome to Online Tool (&#8220;Company&#8221;, &#8220;we&#8221;, &#8220;our&#8221;, &#8220;us&#8221;). Please read these Terms of Service (&#8220;Terms&#8221;, &#8220;Terms of Service&#8221;) carefully before using our website online-tool.xyz (the &#8220;Service&#8221;). 1. Acceptance of Terms By accessing and using this website, you accept and agree to&hellip;","_links":{"self":[{"href":"https:\/\/pdf4de.com\/pt\/wp-json\/wp\/v2\/pages\/170","targetHints":{"allow":["GET"]}}],"collection":[{"href":"https:\/\/pdf4de.com\/pt\/wp-json\/wp\/v2\/pages"}],"about":[{"href":"https:\/\/pdf4de.com\/pt\/wp-json\/wp\/v2\/types\/page"}],"author":[{"embeddable":true,"href":"https:\/\/pdf4de.com\/pt\/wp-json\/wp\/v2\/users\/1"}],"replies":[{"embeddable":true,"href":"https:\/\/pdf4de.com\/pt\/wp-json\/wp\/v2\/comments?post=170"}],"version-history":[{"count":6,"href":"https:\/\/pdf4de.com\/pt\/wp-json\/wp\/v2\/pages\/170\/revisions"}],"predecessor-version":[{"id":183,"href":"https:\/\/pdf4de.com\/pt\/wp-json\/wp\/v2\/pages\/170\/revisions\/183"}],"wp:attachment":[{"href":"https:\/\/pdf4de.com\/pt\/wp-json\/wp\/v2\/media?parent=170"}],"curies":[{"name":"wp","href":"https:\/\/api.w.org\/{rel}","templated":true}]}}