{"id":170,"date":"2025-11-10T15:27:52","date_gmt":"2025-11-10T15:27:52","guid":{"rendered":"http:\/\/pdf4de.com\/?page_id=170"},"modified":"2025-11-10T15:54:35","modified_gmt":"2025-11-10T15:54:35","slug":"terms-of-service","status":"publish","type":"page","link":"https:\/\/pdf4de.com\/tr\/terms-of-service\/","title":{"rendered":"Hizmet Ko\u015fullar\u0131"},"content":{"rendered":"<!DOCTYPE html>\n<html lang=\"en\">\n<head>\n  <meta charset=\"UTF-8\">\n  <meta name=\"viewport\" content=\"width=device-width, initial-scale=1.0\">\n  <title>Terms of Service &#8211; Online Tool<\/title>\n  <style>\n    body {\n      font-family: \"Segoe UI\", Roboto, Arial, sans-serif;\n      background-color: #f9fafb;\n      color: #333;\n      line-height: 1.7;\n      margin: 0;\n      padding: 0;\n    }\n\n    header {\n  text-align: center;\n  padding: 25px 20px;\n  background: #ffffff; \n  color: #1e293b; \n  box-shadow: 0 2px 8px rgba(0,0,0,0.05); \n}\n\n    header {\n  text-align: center;\n  padding: 25px 20px;\n  background: #ffffff; \/* \u0623\u0628\u064a\u0636 *\/\n  color: #1e293b; \/* \u0627\u0644\u0646\u0635 \u062f\u0627\u0643 \u0631\u0645\u0627\u062f\u064a \u063a\u0627\u0645\u0642 *\/\n  box-shadow: 0 2px 8px rgba(0,0,0,0.05); \/* \u0638\u0644 \u062e\u0641\u064a\u0641 *\/\n}\n\n    main {\n      max-width: 900px;\n      margin: 50px auto;\n      background-color: #fff;\n      padding: 40px;\n      border-radius: 12px;\n      box-shadow: 0 4px 10px rgba(0, 0, 0, 0.08);\n    }\n\n    h2 {\n      color: #0078ff;\n      margin-top: 40px;\n      font-size: 22px;\n    }\n\n    p {\n      margin-bottom: 15px;\n    }\n\n    ul {\n      margin: 10px 0 20px 20px;\n    }\n\n    footer {\n      text-align: center;\n      padding: 30px;\n      background: #f1f5f9;\n      color: #555;\n      font-size: 14px;\n      margin-top: 60px;\n    }\n\n    a {\n      color: #0078ff;\n      text-decoration: none;\n    }\n\n    a:hover {\n      text-decoration: underline;\n    }\n  <\/style>\n<\/head>\n<body>\n  <header>\n    <h1>Hizmet Ko\u015fullar\u0131<\/h1>\n    <p>Son g\u00fcncelleme: 10 Kas\u0131m 2025<\/p>\n  <\/header>\n\n  <main>\n    <p>Ho\u015f geldiniz <strong>\u00c7evrimi\u00e7i Ara\u00e7<\/strong> (\u201c\u015eirket\u201d, \u201cbiz\u201d, \u201cbizim\u201d, \u201cbize\u201d). L\u00fctfen web sitemizi kullanmadan \u00f6nce bu Hizmet Ko\u015fullar\u0131n\u0131 (\u201cKo\u015fullar\u201d, \u201cHizmet Ko\u015fullar\u0131\u201d) dikkatlice okuyun <a href=\"http:\/\/pdf4de.com\/tr\/\">online-tool.xyz<\/a> (\u201cHizmet\u201d).<\/p>\n\n    <h2>1. \u015eartlar\u0131n Kabul Edilmesi<\/h2>\n    <p>Bu web sitesine eri\u015ferek ve kullanarak, bu Hizmet \u015eartlar\u0131 ve Gizlilik Politikam\u0131za tabi olmay\u0131 kabul etmi\u015f olursunuz. Bu \u015eartlar\u0131 kabul etmiyorsan\u0131z, l\u00fctfen web sitesini veya ara\u00e7lar\u0131m\u0131zdan herhangi birini kullanmay\u0131n.<\/p>\n\n    <h2>2. Uygunluk<\/h2>\n    <p>Web sitemizi kullanmak i\u00e7in en az 18 ya\u015f\u0131nda olman\u0131z gerekmektedir. 18 ya\u015f\u0131n alt\u0131ndaysan\u0131z, siteyi yaln\u0131zca bir ebeveynin veya vasinin izni ve g\u00f6zetimi ile kullanabilirsiniz.<\/p>\n\n    <h2>3. Hizmetlerin Kullan\u0131m\u0131<\/h2>\n    <p>Web sitemiz ki\u015fisel ve profesyonel kullan\u0131m i\u00e7in \u00e7e\u015fitli \u00e7evrimi\u00e7i ara\u00e7lar sa\u011flamaktad\u0131r. Hizmetlerimizi yaln\u0131zca yasal ama\u00e7lar i\u00e7in kullanmay\u0131 ve y\u00fcr\u00fcrl\u00fckteki yasa veya y\u00f6netmelikleri ihlal etmemeyi kabul edersiniz.<\/p>\n\n    <h2>4. Hesaplar<\/h2>\n    <p>Bir hesap \u00f6zelli\u011fi getirilirse, oturum a\u00e7ma kimlik bilgilerinizin gizlili\u011fini korumaktan ve hesab\u0131n\u0131z alt\u0131nda ger\u00e7ekle\u015fen t\u00fcm etkinliklerden siz sorumlusunuz.<\/p>\n\n    <h2>5. Fikri M\u00fclkiyet<\/h2>\n    <p>adresinde bulunan t\u00fcm i\u00e7erik, ticari markalar, grafikler ve kodlar <a href=\"http:\/\/pdf4de.com\/tr\/\">online-tool.xyz<\/a> Online Tool'a aittir veya lisansl\u0131d\u0131r. \u00d6nceden yaz\u0131l\u0131 izin almadan hi\u00e7bir i\u00e7eri\u011fi kopyalayamaz, de\u011fi\u015ftiremez veya da\u011f\u0131tamazs\u0131n\u0131z.<\/p>\n\n    <h2>6. Sorumlulu\u011fun S\u0131n\u0131rland\u0131r\u0131lmas\u0131<\/h2>\n    <p>Hizmetlerimizin kesintisiz veya hatas\u0131z olaca\u011f\u0131n\u0131 garanti etmiyoruz. Online Tool hi\u00e7bir durumda web sitemizin kullan\u0131m\u0131ndan veya kullan\u0131lamamas\u0131ndan kaynaklanan zararlardan sorumlu tutulamaz.<\/p>\n\n    <h2>7. De\u011fi\u015fiklikler<\/h2>\n    <p>Bu Hizmet Ko\u015fullar\u0131n\u0131 diledi\u011fimiz zaman de\u011fi\u015ftirme veya yenileme hakk\u0131m\u0131z sakl\u0131d\u0131r. De\u011fi\u015fiklikler, bu sayfada yay\u0131nland\u0131ktan hemen sonra y\u00fcr\u00fcrl\u00fc\u011fe girecektir.<\/p>\n\n    <h2>8. Fesih<\/h2>\n    <p>Bu Ko\u015fullar\u0131 ihlal etmeniz halinde, \u00f6nceden bildirimde bulunmaks\u0131z\u0131n hizmetlerimize eri\u015fiminizi diledi\u011fimiz zaman ask\u0131ya alabilir veya sonland\u0131rabiliriz.<\/p>\n\n    <h2>9. Bize Ula\u015f\u0131n<\/h2>\n    <p>Bu Hizmet Ko\u015fullar\u0131 hakk\u0131nda herhangi bir sorunuz varsa, l\u00fctfen bizimle \u015fu adresten ileti\u015fime ge\u00e7in:<\/p>\n    <ul>\n      <li><strong>E-posta:<\/strong> <a href=\"mailto:contact@pdf4de.com\">contact@pdf4de.com<\/a><\/li>\n      <li><strong>Web sitesi:<\/strong> <a href=\"http:\/\/pdf4de.com\/tr\/\">online-tool.xyz<\/a><\/li>\n      <li><strong>\u015eirket:<\/strong> \u00c7evrimi\u00e7i Ara\u00e7<\/li>\n    <\/ul>\n  <\/main>\n\n  <footer>\n    \u00a9 2025 \u00c7evrimi\u00e7i Ara\u00e7. T\u00fcm Haklar\u0131 Sakl\u0131d\u0131r.\n  <\/footer>\n<\/body>\n<\/html>","protected":false},"excerpt":{"rendered":"<p>Terms of Service &#8211; Online Tool Terms of Service Last updated: November 10, 2025 Welcome to Online Tool (&#8220;Company&#8221;, &#8220;we&#8221;, &#8220;our&#8221;, &#8220;us&#8221;). Please read these Terms of Service (&#8220;Terms&#8221;, &#8220;Terms of Service&#8221;) carefully before using our website online-tool.xyz (the &#8220;Service&#8221;). 1. Acceptance of Terms By accessing and using this website, you accept and agree to [&hellip;]<\/p>\n","protected":false},"author":1,"featured_media":0,"parent":0,"menu_order":0,"comment_status":"closed","ping_status":"closed","template":"","meta":{"_uag_custom_page_level_css":"","site-sidebar-layout":"default","site-content-layout":"","ast-site-content-layout":"default","site-content-style":"default","site-sidebar-style":"default","ast-global-header-display":"","ast-banner-title-visibility":"","ast-main-header-display":"","ast-hfb-above-header-display":"","ast-hfb-below-header-display":"","ast-hfb-mobile-header-display":"","site-post-title":"disabled","ast-breadcrumbs-content":"","ast-featured-img":"","footer-sml-layout":"","ast-disable-related-posts":"","theme-transparent-header-meta":"","adv-header-id-meta":"","stick-header-meta":"","header-above-stick-meta":"","header-main-stick-meta":"","header-below-stick-meta":"","astra-migrate-meta-layouts":"default","ast-page-background-enabled":"default","ast-page-background-meta":{"desktop":{"background-color":"var(--ast-global-color-5)","background-image":"","background-repeat":"repeat","background-position":"center center","background-size":"auto","background-attachment":"scroll","background-type":"","background-media":"","overlay-type":"","overlay-color":"","overlay-opacity":"","overlay-gradient":""},"tablet":{"background-color":"","background-image":"","background-repeat":"repeat","background-position":"center center","background-size":"auto","background-attachment":"scroll","background-type":"","background-media":"","overlay-type":"","overlay-color":"","overlay-opacity":"","overlay-gradient":""},"mobile":{"background-color":"","background-image":"","background-repeat":"repeat","background-position":"center center","background-size":"auto","background-attachment":"scroll","background-type":"","background-media":"","overlay-type":"","overlay-color":"","overlay-opacity":"","overlay-gradient":""}},"ast-content-background-meta":{"desktop":{"background-color":"var(--ast-global-color-4)","background-image":"","background-repeat":"repeat","background-position":"center center","background-size":"auto","background-attachment":"scroll","background-type":"","background-media":"","overlay-type":"","overlay-color":"","overlay-opacity":"","overlay-gradient":""},"tablet":{"background-color":"var(--ast-global-color-4)","background-image":"","background-repeat":"repeat","background-position":"center center","background-size":"auto","background-attachment":"scroll","background-type":"","background-media":"","overlay-type":"","overlay-color":"","overlay-opacity":"","overlay-gradient":""},"mobile":{"background-color":"var(--ast-global-color-4)","background-image":"","background-repeat":"repeat","background-position":"center center","background-size":"auto","background-attachment":"scroll","background-type":"","background-media":"","overlay-type":"","overlay-color":"","overlay-opacity":"","overlay-gradient":""}},"footnotes":""},"class_list":["post-170","page","type-page","status-publish","hentry"],"_hostinger_reach_plugin_has_subscription_block":false,"_hostinger_reach_plugin_is_elementor":false,"uagb_featured_image_src":{"full":false,"thumbnail":false,"medium":false,"medium_large":false,"large":false,"1536x1536":false,"2048x2048":false,"trp-custom-language-flag":false},"uagb_author_info":{"display_name":"kyronellesmere@gmail.com","author_link":"https:\/\/pdf4de.com\/tr\/author\/kyronellesmeregmail-com\/"},"uagb_comment_info":0,"uagb_excerpt":"Terms of Service &#8211; Online Tool Terms of Service Last updated: November 10, 2025 Welcome to Online Tool (&#8220;Company&#8221;, &#8220;we&#8221;, &#8220;our&#8221;, &#8220;us&#8221;). Please read these Terms of Service (&#8220;Terms&#8221;, &#8220;Terms of Service&#8221;) carefully before using our website online-tool.xyz (the &#8220;Service&#8221;). 1. Acceptance of Terms By accessing and using this website, you accept and agree to&hellip;","_links":{"self":[{"href":"https:\/\/pdf4de.com\/tr\/wp-json\/wp\/v2\/pages\/170","targetHints":{"allow":["GET"]}}],"collection":[{"href":"https:\/\/pdf4de.com\/tr\/wp-json\/wp\/v2\/pages"}],"about":[{"href":"https:\/\/pdf4de.com\/tr\/wp-json\/wp\/v2\/types\/page"}],"author":[{"embeddable":true,"href":"https:\/\/pdf4de.com\/tr\/wp-json\/wp\/v2\/users\/1"}],"replies":[{"embeddable":true,"href":"https:\/\/pdf4de.com\/tr\/wp-json\/wp\/v2\/comments?post=170"}],"version-history":[{"count":6,"href":"https:\/\/pdf4de.com\/tr\/wp-json\/wp\/v2\/pages\/170\/revisions"}],"predecessor-version":[{"id":183,"href":"https:\/\/pdf4de.com\/tr\/wp-json\/wp\/v2\/pages\/170\/revisions\/183"}],"wp:attachment":[{"href":"https:\/\/pdf4de.com\/tr\/wp-json\/wp\/v2\/media?parent=170"}],"curies":[{"name":"wp","href":"https:\/\/api.w.org\/{rel}","templated":true}]}}