{"id":232,"date":"2025-11-12T10:31:53","date_gmt":"2025-11-12T10:31:53","guid":{"rendered":"http:\/\/pdf4de.com\/?page_id=232"},"modified":"2025-11-27T10:41:24","modified_gmt":"2025-11-27T10:41:24","slug":"pdf-to-jpg","status":"publish","type":"page","link":"https:\/\/pdf4de.com\/tr\/pdf-to-jpg\/","title":{"rendered":"PDF'den JPG'ye"},"content":{"rendered":"<h2 class=\"wp-block-heading has-text-align-center\">D\u00f6n\u00fc\u015ft\u00fcr <strong>PDF'den JPG'ye<\/strong><\/h2>\n\n\n\n<h4 class=\"wp-block-heading has-text-align-center\">Her bir PDF sayfas\u0131n\u0131 JPG'ye d\u00f6n\u00fc\u015ft\u00fcr\u00fcn veya bir PDF'de bulunan t\u00fcm g\u00f6r\u00fcnt\u00fcleri ay\u0131klay\u0131n.<\/h4>\n\n\n\n<p><a href=\"javascript:;\"><\/a><\/p>\n\n\n\n<style>\n  .merge-box {\n    font-family: Arial, sans-serif;\n    max-width: 750px;\n    margin: 30px auto;\n    padding: 25px;\n    border-radius: 15px;\n    background: #fff;\n    box-shadow: 0 3px 15px rgba(0,0,0,0.1);\n  }\n\n  .custom-btn {\n    padding: 18px 40px;\n    background: #2563eb;\n    color: #fff;\n    font-size: 22px;\n    font-weight: bold;\n    border-radius: 10px;\n    cursor: pointer;\n    display: inline-block;\n    margin-bottom: 15px;\n    transition: 0.2s;\n  }\n  .custom-btn:hover { background:#1e40af; }\n\n  #convertBtn {\n    padding: 18px 40px;\n    background:#f97316;\n    color:#fff;\n    font-size:22px;\n    font-weight:bold;\n    border-radius:10px;\n    border:none;\n    cursor:pointer;\n    display:none;\n    margin-top:20px;\n  }\n  #convertBtn:hover { background:#ea580c; }\n\n  #fileList { margin-top: 20px; }\n  .file-item {\n    background:#f3f4f6;\n    padding:12px 15px;\n    border-radius:10px;\n    margin-bottom:10px;\n    display:flex;\n    justify-content:space-between;\n    align-items:center;\n  }\n\n  .remove-btn {\n    background:#ef4444;\n    color:#fff;\n    padding:6px 12px;\n    border-radius:8px;\n    cursor:pointer;\n    border:none;\n  }\n  .remove-btn:hover { background:#dc2626; }\n\n  #dropZone {\n    border:2px dashed #2563eb;\n    padding:20px;\n    border-radius:10px;\n    text-align:center;\n    font-size:16px;\n    color:#2563eb;\n    margin-top:15px;\n  }\n  #dropZone.drag-over {\n    background:#e0e7ff;\n    border-color:#1e40af;\n  }\n\n  #progress-container {\n    width: 100%;\n    background: #e0e0e0;\n    height: 25px;\n    border-radius: 10px;\n    margin-top: 30px;\n    overflow: hidden;\n    display:none;\n  }\n  #progress-bar {\n    height: 100%;\n    width: 0%;\n    background-color: #2563eb;\n  }\n  #status-text { margin-top: 10px; font-size: 18px; }\n<\/style>\n\n<div class=\"merge-box\">\n\n  <label class=\"custom-btn\" id=\"selectBtn\">PDF dosyalar\u0131n\u0131 se\u00e7me<\/label>\n  <input type=\"file\" id=\"fileInput\" accept=\"application\/pdf\" multiple style=\"display:none\">\n\n  <div id=\"dropZone\">Veya PDF dosyalar\u0131n\u0131 buraya b\u0131rak\u0131n<\/div>\n\n  <div id=\"fileList\"><\/div>\n\n  <button id=\"convertBtn\">JPG'ye D\u00f6n\u00fc\u015ft\u00fcr<\/button>\n\n  <div id=\"progress-container\"><div id=\"progress-bar\"><\/div><\/div>\n  <div id=\"status-text\"><\/div>\n\n<\/div>\n\n<script>\n(function() {\n\n  const selectBtn = document.getElementById('selectBtn');\n  const fileInput = document.getElementById('fileInput');\n  const dropZone = document.getElementById('dropZone');\n  const fileList = document.getElementById('fileList');\n  const convertBtn = document.getElementById('convertBtn');\n  const progress = document.getElementById('progress-container');\n  const progressBar = document.getElementById('progress-bar');\n  const statusText = document.getElementById('status-text');\n\n  let files = [];\n\n  function refreshUI() {\n    fileList.innerHTML = \"\";\n\n    if (files.length === 0) {\n      convertBtn.style.display = \"none\";\n      return;\n    }\n\n    convertBtn.style.display = \"inline-block\";\n\n    files.forEach((file, index) => {\n      const item = document.createElement('div');\n      item.className = \"file-item\";\n      item.innerHTML = `\n        <span>${file.name}<\/span>\n        <button class=\"remove-btn\" data-index=\"${index}\">Remove<\/button>\n      `;\n      fileList.appendChild(item);\n    });\n  }\n\n  function addFiles(selected) {\n    for (let f of selected) {\n      if (f.type === \"application\/pdf\") files.push(f);\n    }\n    refreshUI();\n  }\n\n  selectBtn.onclick = () => fileInput.click();\n  fileInput.onchange = () => {\n    addFiles(fileInput.files);\n    fileInput.value = \"\";\n  };\n\n  dropZone.ondragover = e => { e.preventDefault(); dropZone.classList.add(\"drag-over\"); };\n  dropZone.ondragleave = () => dropZone.classList.remove(\"drag-over\");\n  dropZone.ondrop = e => {\n    e.preventDefault();\n    dropZone.classList.remove(\"drag-over\");\n    if (e.dataTransfer.files.length > 0) addFiles(e.dataTransfer.files);\n  };\n\n  fileList.onclick = e => {\n    if (e.target.classList.contains(\"remove-btn\")) {\n      files.splice(e.target.dataset.index, 1);\n      refreshUI();\n    }\n  };\n\n  convertBtn.onclick = () => {\n    if (files.length === 0) return;\n\n    convertBtn.disabled = true;\n    progress.style.display = \"block\";\n    progressBar.style.width = \"20%\";\n    statusText.textContent = \"Uploading...\";\n\n    const formData = new FormData();\n    files.forEach(f => formData.append(\"file\", f));\n\n    fetch(\"\/api\/pdf-to-jpg\", {\n      method: \"POST\",\n      body: formData\n    })\n    .then(res => res.json())\n    .then(data => {\n      if(data.error){\n        statusText.textContent = \"Error: \" + data.error;\n        convertBtn.disabled = false;\n        return;\n      }\n      pollStatus(data.task_id, data.download_url);\n    })\n    .catch(() => {\n      statusText.textContent = \"Upload failed.\";\n      convertBtn.disabled = false;\n    });\n  };\n\n  function pollStatus(taskId, downloadUrl) {\n    let interval = setInterval(() => {\n      fetch(`\/api\/status\/${taskId}`)\n        .then(res => res.json())\n        .then(data => {\n          if(data.status === \"queued\"){\n            statusText.textContent = \"Queued...\";\n            progressBar.style.width = \"30%\";\n          }\n          else if(data.status === \"processing\"){\n            statusText.textContent = \"Processing...\";\n            progressBar.style.width = \"70%\";\n          }\n          else if(data.status === \"done\"){\n            progressBar.style.width = \"100%\";\n            statusText.textContent = \"Done! Downloading...\";\n            clearInterval(interval);\n            window.location = downloadUrl;\n            convertBtn.disabled = false;\n          }\n          else if(data.status === \"error\"){\n            statusText.textContent = \"Error: \" + data.error;\n            clearInterval(interval);\n            convertBtn.disabled = false;\n          }\n        })\n        .catch(() => {\n          statusText.textContent = \"Failed to get status.\";\n          clearInterval(interval);\n          convertBtn.disabled = false;\n        });\n    }, 1500);\n  }\n\n})();\n<\/script>\n<script async=\"async\" data-cfasync=\"false\" src=\"\/\/clothcreepoak.com\/f35f99bfef1a09c1eecbc6ed867c8f3b\/invoke.js\"><\/script>\n<div id=\"container-f35f99bfef1a09c1eecbc6ed867c8f3b\"><\/div>\n\n\n\n<div style=\"height:100px\" aria-hidden=\"true\" class=\"wp-block-spacer\"><\/div>\n\n\n\n<h2 class=\"wp-block-heading has-text-align-center\">PDF'yi Saniyeler \u0130\u00e7inde JPG'ye D\u00f6n\u00fc\u015ft\u00fcrme<\/h2>\n\n\n\n<div class=\"tool-container\">\n\n<ol> <li>PDF dosyan\u0131z\u0131 y\u00fckleyin.<\/li> <li>T\u0131klay\u0131n\u0131z <strong>JPG'ye D\u00f6n\u00fc\u015ft\u00fcr<\/strong> D\u00fc\u011fme.<\/li> <li>D\u00f6n\u00fc\u015ft\u00fcr\u00fclm\u00fc\u015f JPG resimlerinizi an\u0131nda indirin.<\/li> <\/ol> <p>Arac\u0131m\u0131z PDF'leri JPG'ye d\u00f6n\u00fc\u015ft\u00fcrmenizi sa\u011flar <strong>\u00e7evrimi\u00e7i<\/strong>, <strong>\u00fccretsiz<\/strong>, ve <strong>g\u00fcvenli bir \u015fekilde<\/strong>.<\/p> <h2>PDF'den JPG'ye D\u00f6n\u00fc\u015ft\u00fcr\u00fcc\u00fcm\u00fcz\u00fcn \u00d6zellikleri<\/h2> <h3>\u00dccretsiz ve H\u0131zl\u0131<\/h3> <p>\u00d6deme yapmadan s\u0131n\u0131rs\u0131z PDF'yi JPG g\u00f6r\u00fcnt\u00fclerine d\u00f6n\u00fc\u015ft\u00fcr\u00fcn. Arac\u0131m\u0131z h\u0131z i\u00e7in optimize edilmi\u015ftir ve size saniyeler i\u00e7inde sonu\u00e7 verir.<\/p> <h3>Kurulum Gerektirmez<\/h3> <p>Yaz\u0131l\u0131m indirmeye veya kaydolmaya gerek yok. Bizim <strong>\u00e7evrimi\u00e7i PDF'den JPG'ye d\u00f6n\u00fc\u015ft\u00fcr\u00fcc\u00fc<\/strong> do\u011frudan taray\u0131c\u0131n\u0131zda \u00e7al\u0131\u015f\u0131r.<\/p> <h3>Her Cihazda \u00c7al\u0131\u015f\u0131r<\/h3> <p>PDF'leri Windows, Mac, Linux veya mobil cihazlar\u0131n\u0131zdan herhangi bir uyumluluk sorunu olmadan JPG'ye d\u00f6n\u00fc\u015ft\u00fcr\u00fcn.<\/p> <h3>Y\u00fcksek Kaliteli G\u00f6r\u00fcnt\u00fcler<\/h3> <p>Orijinal PDF d\u00fczenini ve g\u00f6r\u00fcnt\u00fc netli\u011fini koruyun. D\u00f6n\u00fc\u015ft\u00fcr\u00fcc\u00fcm\u00fcz \u015funlar\u0131 sa\u011flar <strong>y\u00fcksek kaliteli JPG dosyalar\u0131<\/strong> Her seferinde.<\/p> <h2>Neden \u00c7evrimi\u00e7i PDF'ten JPG'ye Arac\u0131m\u0131z\u0131 Se\u00e7melisiniz?<\/h2> <ul> <li><strong>Tamamen \u00dccretsiz:<\/strong> Gizli \u00fccret yok.<\/li> <li><strong>G\u00fcvenli ve \u00d6zel:<\/strong> Dosyalar\u0131n\u0131z d\u00f6n\u00fc\u015ft\u00fcrme i\u015fleminden sonra silinir.<\/li> <li><strong>Kolay Kullan\u0131m:<\/strong> Hem yeni ba\u015flayanlar hem de profesyoneller i\u00e7in m\u00fckemmeldir.<\/li> <li><strong>Yaz\u0131l\u0131m Gerektirmez:<\/strong> Tamamen \u00e7evrimi\u00e7i ve herhangi bir cihazda \u00e7al\u0131\u015f\u0131r.<\/li> <\/ul>\n\n\n\n<style>\nbody {\n  font-family: 'Inter', sans-serif;\n  background: #f8fafc;\n  margin: 0;\n  color: #1e293b;\n}\n\nheader {\n  text-align: center;\n  padding: 30px 20px;\n  background: white; \n  color: #1e293b;\n  box-shadow: 0 2px 8px rgba(0,0,0,0.05);\n}\n\nheader h1 {\n  font-size: 2.6rem;\n  margin-bottom: 10px;\n}\nheader p {\n  font-size: 1.1rem;\n  opacity: 0.9;\n}\n\n.section {\n  padding: 60px 5%;\n}\n.section h2 {\n  font-size: 1.6rem;\n  margin-bottom: 25px;\n  color: #0f172a;\n  border-left: 5px solid #3b82f6;\n  padding-left: 10px;\n}\n\n.tools-grid {\n  display: grid;\n  grid-template-columns: repeat(auto-fit, minmax(230px, 1fr));\n  gap: 20px;\n}\n\n\/* Make the whole card clickable *\/\n.tool-card {\n  background: white;\n  border-radius: 10px;\n  padding: 20px;\n  box-shadow: 0 3px 8px rgba(0,0,0,0.05);\n  transition: all 0.25s ease;\n  cursor: pointer;\n  display: flex;\n  flex-direction: column;\n  justify-content: center;\n  text-decoration: none;\n  color: inherit;\n  height: 150px; \/* adjust height if needed *\/\n}\n.tool-card:hover {\n  transform: translateY(-4px);\n  box-shadow: 0 6px 15px rgba(0,0,0,0.08);\n  background: #f0f8ff; \/* light blue hover *\/\n}\n\n.tool-card h3 {\n  margin: 0 0 10px 0;\n  font-size: 1.1rem;\n}\n.tool-card p {\n  font-size: 0.9rem;\n  color: #64748b;\n  margin: 0;\n}\n<\/style>\n\n<section class=\"section\">\n  <h2>\ud83d\udcc4 PDF \u00c7evrimi\u00e7i Ara\u00e7lar\u0131<\/h2>\n  <div class=\"tools-grid\">\n    <a href=\"http:\/\/pdf4de.com\/tr\/split-pdf-file\/\" target=\"_blank\" class=\"tool-card\">\n      <h3>PDF Dosyas\u0131n\u0131 B\u00f6l<\/h3>\n      <p>PDF dosyalar\u0131n\u0131zdan sayfalar\u0131 kolayca ay\u0131r\u0131n.<\/p>\n    <\/a>\n    <a href=\"http:\/\/pdf4de.com\/tr\/pdf-to-word\/\" target=\"_blank\" class=\"tool-card\">\n      <h3>PDF'den Word'e<\/h3>\n      <p>PDF'yi \u00e7evrimi\u00e7i word'e d\u00f6n\u00fc\u015ft\u00fcr\u00fcn.<\/p>\n    <\/a>\n    <a href=\"http:\/\/pdf4de.com\/tr\/merge-pdf-files\/\" target=\"_blank\" class=\"tool-card\">\n      <h3>PDF Dosyalar\u0131n\u0131 Birle\u015ftir<\/h3>\n      <p>Birden fazla PDF'yi tek bir belgede birle\u015ftirin.<\/p>\n    <\/a>\n    <a href=\"http:\/\/pdf4de.com\/tr\/pdf-to-excel\/\" target=\"_blank\" class=\"tool-card\">\n      <h3>PDF'den Excel'e<\/h3>\n      <p>PDF'yi \u00e7evrimi\u00e7i EXCEL'e d\u00f6n\u00fc\u015ft\u00fcr\u00fcn.<\/p>\n    <\/a>\n <a href=\"http:\/\/pdf4de.com\/tr\/pdf-to-pdf-a\/\" target=\"_blank\" class=\"tool-card\">\n      <h3>pdf'den PDF\/A'ya<\/h3>\n      <p>Ar\u015fivleme ve uzun s\u00fcreli koruma i\u00e7in PDF belgelerini PDF\/A'ya d\u00f6n\u00fc\u015ft\u00fcr\u00fcn.<\/p>\n    <\/a>\n    <a href=\"http:\/\/pdf4de.com\/tr\/html-to-pdf\/\" target=\"_blank\" class=\"tool-card\">\n      <h3>HTML'den PDF'ye<\/h3>\n      <p>HTML'yi \u00e7evrimi\u00e7i PDF'ye d\u00f6n\u00fc\u015ft\u00fcr\u00fcn.<\/p>\n    <\/a>\n    <a href=\"http:\/\/pdf4de.com\/tr\/excel-to-pdf\/\" target=\"_blank\" class=\"tool-card\">\n      <h3>EXCEL'den PDF'ye<\/h3>\n      <p>EXCEL'i \u00e7evrimi\u00e7i PDF'ye d\u00f6n\u00fc\u015ft\u00fcr\u00fcn.<\/p>\n    <\/a>\n <a href=\"http:\/\/pdf4de.com\/tr\/word-to-pdf\/\" target=\"_blank\" class=\"tool-card\">\n      <h3>WORD'den PDF'ye<\/h3>\n      <p>WORD'\u00fc \u00e7evrimi\u00e7i PDF'ye d\u00f6n\u00fc\u015ft\u00fcr\u00fcn.<\/p>\n    <\/a>\n    <a href=\"http:\/\/pdf4de.com\/tr\/jpg-to-pdf\/\" target=\"_blank\" class=\"tool-card\">\n      <h3>JPG'den PDF'ye<\/h3>\n      <p>JPG'yi \u00e7evrimi\u00e7i PDF'ye d\u00f6n\u00fc\u015ft\u00fcr\u00fcn.<\/p>\n    <\/a>\n    <a href=\"http:\/\/pdf4de.com\/tr\/powerpoint-to-pdf\/\" target=\"_blank\" class=\"tool-card\">\n      <h3>POWERPOINT'ten PDF'ye<\/h3>\n      <p>POWERPOINT'i \u00e7evrimi\u00e7i PDF'ye d\u00f6n\u00fc\u015ft\u00fcr\u00fcn.<\/p>\n    <\/a>\n  <\/div>\n<\/section>\n\n\n\n<h2 class=\"wp-block-heading has-text-align-center\">S\u0131k\u00e7a Sorulan Sorular<\/h2>\n\n\n<div id=\"rank-math-faq\" class=\"rank-math-block\">\n<div class=\"rank-math-list\">\n<div id=\"faq-question-1763518204494\" class=\"rank-math-list-item\">\n<h3 class=\"rank-math-question\">Ger\u00e7ekten bedava m\u0131?<\/h3>\n<div class=\"rank-math-answer\">\n\n<p>Evet! Bizim <strong>PDF'den JPG'ye \u00e7evrimi\u00e7i d\u00f6n\u00fc\u015ft\u00fcr\u00fcc\u00fc<\/strong> kullan\u0131m\u0131 tamamen \u00fccretsizdir.<\/p>\n\n<\/div>\n<\/div>\n<div id=\"faq-question-1763518236523\" class=\"rank-math-list-item\">\n<h3 class=\"rank-math-question\">B\u00fcy\u00fck PDF'leri d\u00f6n\u00fc\u015ft\u00fcrebilir miyim?<\/h3>\n<div class=\"rank-math-answer\">\n\n<p>Kesinlikle! Arac\u0131m\u0131z kalite kayb\u0131 olmadan b\u00fcy\u00fck PDF dosyalar\u0131n\u0131 destekler.<\/p>\n\n<\/div>\n<\/div>\n<div id=\"faq-question-1763518251429\" class=\"rank-math-list-item\">\n<h3 class=\"rank-math-question\">Bir \u015fey y\u00fcklemem gerekiyor mu?<\/h3>\n<div class=\"rank-math-answer\">\n\n<p>Kurulum gerekmez. Her \u015fey taray\u0131c\u0131n\u0131zda \u00e7evrimi\u00e7i olarak \u00e7al\u0131\u015f\u0131r.<\/p>\n\n<\/div>\n<\/div>\n<div id=\"faq-question-1763518253179\" class=\"rank-math-list-item\">\n<h3 class=\"rank-math-question\">PDF'lerden g\u00f6r\u00fcnt\u00fc \u00e7\u0131karabilir miyim?<\/h3>\n<div class=\"rank-math-answer\">\n\n<p>Evet, t\u00fcm sayfalar\u0131 d\u00f6n\u00fc\u015ft\u00fcrebilir veya g\u00f6r\u00fcnt\u00fcleri kolayca JPG format\u0131na \u00e7\u0131karabilirsiniz.<\/p>\n\n<\/div>\n<\/div>\n<\/div>\n<\/div>","protected":false},"excerpt":{"rendered":"<p>Convert PDF to JPG Convert each PDF page into a JPG or extract all images contained in a PDF. Select PDF files Or drop PDF files here Convert to JPG How to Convert PDF to JPG in Seconds Upload your PDF file. Click the Convert to JPG button. Download your converted JPG images instantly. Our [&hellip;]<\/p>\n","protected":false},"author":1,"featured_media":576,"parent":0,"menu_order":0,"comment_status":"closed","ping_status":"closed","template":"","meta":{"_uag_custom_page_level_css":"","site-sidebar-layout":"default","site-content-layout":"","ast-site-content-layout":"default","site-content-style":"default","site-sidebar-style":"default","ast-global-header-display":"","ast-banner-title-visibility":"","ast-main-header-display":"","ast-hfb-above-header-display":"","ast-hfb-below-header-display":"","ast-hfb-mobile-header-display":"","site-post-title":"disabled","ast-breadcrumbs-content":"","ast-featured-img":"disabled","footer-sml-layout":"","ast-disable-related-posts":"","theme-transparent-header-meta":"","adv-header-id-meta":"","stick-header-meta":"","header-above-stick-meta":"","header-main-stick-meta":"","header-below-stick-meta":"","astra-migrate-meta-layouts":"default","ast-page-background-enabled":"default","ast-page-background-meta":{"desktop":{"background-color":"var(--ast-global-color-5)","background-image":"","background-repeat":"repeat","background-position":"center center","background-size":"auto","background-attachment":"scroll","background-type":"","background-media":"","overlay-type":"","overlay-color":"","overlay-opacity":"","overlay-gradient":""},"tablet":{"background-color":"","background-image":"","background-repeat":"repeat","background-position":"center center","background-size":"auto","background-attachment":"scroll","background-type":"","background-media":"","overlay-type":"","overlay-color":"","overlay-opacity":"","overlay-gradient":""},"mobile":{"background-color":"","background-image":"","background-repeat":"repeat","background-position":"center center","background-size":"auto","background-attachment":"scroll","background-type":"","background-media":"","overlay-type":"","overlay-color":"","overlay-opacity":"","overlay-gradient":""}},"ast-content-background-meta":{"desktop":{"background-color":"var(--ast-global-color-4)","background-image":"","background-repeat":"repeat","background-position":"center center","background-size":"auto","background-attachment":"scroll","background-type":"","background-media":"","overlay-type":"","overlay-color":"","overlay-opacity":"","overlay-gradient":""},"tablet":{"background-color":"var(--ast-global-color-4)","background-image":"","background-repeat":"repeat","background-position":"center center","background-size":"auto","background-attachment":"scroll","background-type":"","background-media":"","overlay-type":"","overlay-color":"","overlay-opacity":"","overlay-gradient":""},"mobile":{"background-color":"var(--ast-global-color-4)","background-image":"","background-repeat":"repeat","background-position":"center center","background-size":"auto","background-attachment":"scroll","background-type":"","background-media":"","overlay-type":"","overlay-color":"","overlay-opacity":"","overlay-gradient":""}},"footnotes":""},"class_list":["post-232","page","type-page","status-publish","has-post-thumbnail","hentry"],"_hostinger_reach_plugin_has_subscription_block":false,"_hostinger_reach_plugin_is_elementor":false,"uagb_featured_image_src":{"full":["https:\/\/pdf4de.com\/wp-content\/uploads\/2025\/11\/jpg-file.png",512,512,false],"thumbnail":["https:\/\/pdf4de.com\/wp-content\/uploads\/2025\/11\/jpg-file-150x150.png",150,150,true],"medium":["https:\/\/pdf4de.com\/wp-content\/uploads\/2025\/11\/jpg-file-300x300.png",300,300,true],"medium_large":["https:\/\/pdf4de.com\/wp-content\/uploads\/2025\/11\/jpg-file.png",512,512,false],"large":["https:\/\/pdf4de.com\/wp-content\/uploads\/2025\/11\/jpg-file.png",512,512,false],"1536x1536":["https:\/\/pdf4de.com\/wp-content\/uploads\/2025\/11\/jpg-file.png",512,512,false],"2048x2048":["https:\/\/pdf4de.com\/wp-content\/uploads\/2025\/11\/jpg-file.png",512,512,false],"trp-custom-language-flag":["https:\/\/pdf4de.com\/wp-content\/uploads\/2025\/11\/jpg-file.png",12,12,false]},"uagb_author_info":{"display_name":"kyronellesmere@gmail.com","author_link":"https:\/\/pdf4de.com\/tr\/author\/kyronellesmeregmail-com\/"},"uagb_comment_info":0,"uagb_excerpt":"Convert PDF to JPG Convert each PDF page into a JPG or extract all images contained in a PDF. Select PDF files Or drop PDF files here Convert to JPG How to Convert PDF to JPG in Seconds Upload your PDF file. Click the Convert to JPG button. Download your converted JPG images instantly. Our&hellip;","_links":{"self":[{"href":"https:\/\/pdf4de.com\/tr\/wp-json\/wp\/v2\/pages\/232","targetHints":{"allow":["GET"]}}],"collection":[{"href":"https:\/\/pdf4de.com\/tr\/wp-json\/wp\/v2\/pages"}],"about":[{"href":"https:\/\/pdf4de.com\/tr\/wp-json\/wp\/v2\/types\/page"}],"author":[{"embeddable":true,"href":"https:\/\/pdf4de.com\/tr\/wp-json\/wp\/v2\/users\/1"}],"replies":[{"embeddable":true,"href":"https:\/\/pdf4de.com\/tr\/wp-json\/wp\/v2\/comments?post=232"}],"version-history":[{"count":7,"href":"https:\/\/pdf4de.com\/tr\/wp-json\/wp\/v2\/pages\/232\/revisions"}],"predecessor-version":[{"id":2136,"href":"https:\/\/pdf4de.com\/tr\/wp-json\/wp\/v2\/pages\/232\/revisions\/2136"}],"wp:featuredmedia":[{"embeddable":true,"href":"https:\/\/pdf4de.com\/tr\/wp-json\/wp\/v2\/media\/576"}],"wp:attachment":[{"href":"https:\/\/pdf4de.com\/tr\/wp-json\/wp\/v2\/media?parent=232"}],"curies":[{"name":"wp","href":"https:\/\/api.w.org\/{rel}","templated":true}]}}